{"id":2901,"date":"2015-11-18T08:34:00","date_gmt":"2015-11-18T08:34:00","guid":{"rendered":"http:\/\/demo.thimpress.com\/eduma\/?page_id=2901"},"modified":"2020-05-26T18:31:52","modified_gmt":"2020-05-26T18:31:52","slug":"historia","status":"publish","type":"page","link":"https:\/\/escuelazonaparque.com\/escuela\/historia\/","title":{"rendered":"Historia"},"content":{"rendered":"<p>[vc_row css=&#8221;.vc_custom_1471019067901{padding-top: 30px !important;}&#8221;][vc_column]<div class=\"thim-widget-heading\"><div class=\"sc_heading   text-center\"><h3 class=\"title\">Zona Parque en N\u00fameros<\/h3><p class=\"sub-heading\" style=\"\">Porque los n\u00fameros importan<\/p><\/div><\/div>[\/vc_column][\/vc_row][vc_row][vc_column width=&#8221;1\/4&#8243;]<div class=\"thim-widget-counters-box\"><div class=\"counter-box  about-us\" style=\"\"><div class=\"content-box-percentage\">\n\t\t<div class=\"wrap-percentage\">\n\t\t<div class=\"display-percentage\" data-percentage=\"700\" >700<\/div><div class=\"text_number\"><\/div><\/div><div class=\"counter-content-container\"><div class=\"counter-box-content\">M\u00c1S DE 700 ALUMNOS<\/div><\/div><\/div><\/div><\/div>[\/vc_column][vc_column width=&#8221;1\/4&#8243;]<div class=\"thim-widget-counters-box\"><div class=\"counter-box  about-us\" style=\"\"><div class=\"content-box-percentage\">\n\t\t<div class=\"wrap-percentage\">\n\t\t<div class=\"display-percentage\" data-percentage=\"40\" >40<\/div><div class=\"text_number\"><\/div><\/div><div class=\"counter-content-container\"><div class=\"counter-box-content\">PROFESORES<\/div><\/div><\/div><\/div><\/div>[\/vc_column][vc_column width=&#8221;1\/4&#8243;]<div class=\"thim-widget-counters-box\"><div class=\"counter-box  about-us\" style=\"\"><div class=\"content-box-percentage\">\n\t\t<div class=\"wrap-percentage\">\n\t\t<div class=\"display-percentage\" data-percentage=\"60\" >60<\/div><div class=\"text_number\"><\/div><\/div><div class=\"counter-content-container\"><div class=\"counter-box-content\">A\u00d1OS DE TRAYECTORIA<\/div><\/div><\/div><\/div><\/div>[\/vc_column][vc_column width=&#8221;1\/4&#8243;]<div class=\"thim-widget-counters-box\"><div class=\"counter-box  about-us\" style=\"\"><div class=\"content-box-percentage\">\n\t\t<div class=\"wrap-percentage\">\n\t\t<div class=\"display-percentage\" data-percentage=\"215\" >215<\/div><div class=\"text_number\"><\/div><\/div><div class=\"counter-content-container\"><div class=\"counter-box-content\">COMPLETE COURSES<\/div><\/div><\/div><\/div><\/div>[\/vc_column][\/vc_row][vc_row][vc_column]<div class=\"thim-widget-gallery-images\"><div class=\"thim-carousel-wrapper gallery-img  \" data-visible=\"1\"data-itemtablet=\"1\" data-itemmobile=\"1\" data-autoplay=\"0\" data-navigation=\"0\" data-pagination=\"1\"><div class=\"item\"><img fetchpriority=\"high\" src =\"https:\/\/escuelazonaparque.com\/escuela\/wp-content\/uploads\/2020\/05\/09072014-DSC_4147-copia.jpg\" width=\"875\" height=\"583\" alt=\"\"\/><\/div><div class=\"item\"><img src =\"https:\/\/escuelazonaparque.com\/escuela\/wp-content\/uploads\/2020\/05\/09072014-DSC_4030.jpg\" width=\"875\" height=\"583\" alt=\"\"\/><\/div><\/div><\/div>[vc_column_text]<\/p>\n<div class=\"thim-about-us-quote\">\n<p>\u201cEscuela de Educaci\u00f3n Secundaria Orientada Particular Incorporada\u201d<\/p>\n<div class=\"agency\">N\u00ba 8066 Zona Parque<\/div>\n<hr \/>\n<\/div>\n<p>[\/vc_column_text][\/vc_column][\/vc_row][vc_row css=&#8221;.vc_custom_1471796791252{margin-bottom: 63px !important;}&#8221;][vc_column width=&#8221;1\/2&#8243; css=&#8221;.vc_custom_1471796770554{margin-bottom: 30px !important;}&#8221;][vc_column_text]<\/p>\n<h3 class=\"thim-text-title\">As\u00ed comienza Nuestra Historia<\/h3>\n<p>El 9 de Julio de a\u00f1o 1953 un grupo de docentes resolvieron encarar la tarea de constituir un establecimiento educativo, indispensable para la populosa zona que inclu\u00eda los barrios Parque y Bella Vista, que carec\u00edan de escuelas secundarias. En ese momento el Ministerio de la Naci\u00f3n auspiciaba la creaci\u00f3n de establecimientos privados gratuitos, lo cual facilit\u00f3 la tarea.<\/p>\n<p>Durante 1954 la nueva instituci\u00f3n funcion\u00f3 en los edificios de diferentes escuelas hasta que en 1955 se instal\u00f3 en la Escuela N\u00ba 610 Rep\u00fablica de Bolivia, sita en calle La Paz 3050 de Barrio Parque, donde desarroll\u00f3 sus actividades hasta diciembre de 1990, funcionando en ese momento con el nombre Instituto Zona Parque.[\/vc_column_text][\/vc_column][vc_column width=&#8221;1\/2&#8243; css=&#8221;.vc_custom_1471796781968{margin-bottom: 30px !important;}&#8221;][vc_column_text]<\/p>\n<h3 class=\"thim-text-title\">Fundadores<\/h3>\n<p><img decoding=\"async\" class=\"alignnone size-full wp-image-11486\" src=\"https:\/\/escuelazonaparque.com\/escuela\/wp-content\/uploads\/2020\/05\/fundadores-300x169.png\" alt=\"\" width=\"458\" height=\"258\" srcset=\"https:\/\/escuelazonaparque.com\/escuela\/wp-content\/uploads\/2020\/05\/fundadores-300x169.png 300w, https:\/\/escuelazonaparque.com\/escuela\/wp-content\/uploads\/2020\/05\/fundadores.png 458w\" sizes=\"(max-width: 458px) 100vw, 458px\" \/>[\/vc_column_text][\/vc_column][\/vc_row][vc_row css=&#8221;.vc_custom_1471796791252{margin-bottom: 63px !important;}&#8221;][vc_column width=&#8221;1\/2&#8243; css=&#8221;.vc_custom_1471796770554{margin-bottom: 30px !important;}&#8221;][vc_column_text]<\/p>\n<h3 class=\"thim-text-title\">Comienzos<\/h3>\n<p>[\/vc_column_text][vc_images_carousel images=&#8221;11489,11490&#8243; img_size=&#8221;full&#8221; onclick=&#8221;link_no&#8221; autoplay=&#8221;yes&#8221; wrap=&#8221;yes&#8221;][\/vc_column][vc_column width=&#8221;1\/2&#8243; css=&#8221;.vc_custom_1471796781968{margin-bottom: 30px !important;}&#8221;][vc_column_text]<\/p>\n<h3 class=\"thim-text-title\">Somos Cooperativa<\/h3>\n<p>En principio por resoluci\u00f3n del Ministerio de Educaci\u00f3n de la Naci\u00f3n se reconoci\u00f3 oficialmente al Instituto y se lo adscribi\u00f3 a la Escuela Nacional de Comercio N\u00ba 1 \u201cGeneral Manuel Belgrano\u201d La entidad realmente propietaria era la Asociaci\u00f3n Pro Instituto Secundario de Comercio, la que en 1958 se transform\u00f3 en Cooperativa de Trabajo Docente \u201cZona Parque\u201d Ltda.<\/p>\n<p>La idea de concretar un edificio propio para el funcionamiento de la escuela comenz\u00f3 a tomar forma en el a\u00f1o 1960 y las gestiones culminaron en febrero de 1965, fecha en que la Cooperativa adquiri\u00f3 un terreno de 2400 m2. Sin embargo debieron pasar varios a\u00f1os antes de lograr la escrituraci\u00f3n definitiva, mientras tanto el personal docente, constituido en Cooperativa de Trabajo continu\u00f3\u00a0 aportando un porcentaje de su sueldo y recaudando fondos con la ayuda de la Asociaci\u00f3n de Padres para proseguir con los planes propuestos. \u00a0 \u00a0 \u00a0 En 1973 comenzaron las obras del nuevo edificio, deteni\u00e9ndose luego por problemas econ\u00f3micos, hasta que en Marzo de 1991 inaugura su propio edificio y en 1993 con la transferencia de los servicios de la Naci\u00f3n a la Provincia pas\u00f3 a depender de \u00e9sta \u00faltima cambiando as\u00ed su nombre\u00a0 por el de Escuela de Ense\u00f1anza Media Particular Incorporada N\u00ba 8066 \u201cZona Parque\u201d.[\/vc_column_text][\/vc_column][\/vc_row][vc_row full_width=&#8221;stretch_row_content_no_spaces&#8221; parallax=&#8221;content-moving-fade&#8221; parallax_image=&#8221;7254&#8243;][vc_column][vc_empty_space height=&#8221;460px&#8221;][\/vc_column][\/vc_row][vc_row][vc_column]<div class=\"thim-widget-heading\"><div class=\"sc_heading   text-center\"><h3 class=\"title\">La Direcci\u00f3n<\/h3><p class=\"sub-heading\" style=\"\">Dedicandonos al 100% para nuestros alumnos.<\/p><\/div><\/div>[\/vc_column][\/vc_row][vc_row el_class=&#8221;thim-no-margin-bottom&#8221;][vc_column]<div class=\"thim-widget-our-team\"><div class=\"wrapper-lists-our-team \"><a class=\"join-our-team\" href=\"#\" title=\"Queres Trabajar en Zona Parque?\">Queres Trabajar en Zona Parque?<\/a><div class=\"row\"><div class=\"our-team-item col-sm-3\"><div class=\"our-team-image\"> <a class=\"link-img\" href=\"https:\/\/escuelazonaparque.com\/escuela\/our_team\/belinda\/\"><\/a><img loading=\"lazy\" decoding=\"async\" src=\"https:\/\/escuelazonaparque.com\/escuela\/wp-content\/uploads\/2015\/11\/team-7.jpg\" alt=\"team-7\" title=\"team-7\"  width=\"200\" height=\"200\"><div class=\"social-team\"><a target=\"_blank\" href=\"#\"><i class=\"fa fa-facebook\"><\/i><\/a><a target=\"_blank\" href=\"#\"><i class=\"fa fa-twitter\"><\/i><\/a><a target=\"_blank\" href=\"#\"><i class=\"fa fa-dribbble\"><\/i><\/a><a target=\"_blank\" href=\"#\"><i class=\"fa fa-linkedin\"><\/i><\/a><\/div><\/div><div class=\"content-team\"><h4 class=\"title\">Belinda<\/h4><div class = \"regency\">Js Developer<\/div><\/div><\/div><div class=\"our-team-item col-sm-3\"><div class=\"our-team-image\"> <a class=\"link-img\" href=\"https:\/\/escuelazonaparque.com\/escuela\/our_team\/christian\/\"><\/a><img loading=\"lazy\" decoding=\"async\" src=\"https:\/\/escuelazonaparque.com\/escuela\/wp-content\/uploads\/2015\/11\/team-3.jpg\" alt=\"team-3\" title=\"team-3\"  width=\"200\" height=\"200\"><div class=\"social-team\"><a target=\"_blank\" href=\"#\"><i class=\"fa fa-facebook\"><\/i><\/a><a target=\"_blank\" href=\"#\"><i class=\"fa fa-twitter\"><\/i><\/a><a target=\"_blank\" href=\"#\"><i class=\"fa fa-skype\"><\/i><\/a><a target=\"_blank\" href=\"#\"><i class=\"fa fa-linkedin\"><\/i><\/a><\/div><\/div><div class=\"content-team\"><h4 class=\"title\">Christian<\/h4><div class = \"regency\">Creative Director<\/div><\/div><\/div><div class=\"our-team-item col-sm-3\"><div class=\"our-team-image\"> <a class=\"link-img\" href=\"https:\/\/escuelazonaparque.com\/escuela\/our_team\/robert\/\"><\/a><img loading=\"lazy\" decoding=\"async\" src=\"https:\/\/escuelazonaparque.com\/escuela\/wp-content\/uploads\/2015\/11\/team-5.jpg\" alt=\"team-5\" title=\"team-5\"  width=\"200\" height=\"200\"><div class=\"social-team\"><a target=\"_blank\" href=\"#\"><i class=\"fa fa-facebook\"><\/i><\/a><a target=\"_blank\" href=\"#\"><i class=\"fa fa-twitter\"><\/i><\/a><a target=\"_blank\" href=\"#\"><i class=\"fa fa-skype\"><\/i><\/a><a target=\"_blank\" href=\"#\"><i class=\"fa fa-linkedin\"><\/i><\/a><\/div><\/div><div class=\"content-team\"><h4 class=\"title\">Robert<\/h4><div class = \"regency\">Office Manager<\/div><\/div><\/div><div class=\"our-team-item col-sm-3\"><div class=\"our-team-image\"> <a class=\"link-img\" href=\"https:\/\/escuelazonaparque.com\/escuela\/our_team\/tony-teo\/\"><\/a><img loading=\"lazy\" decoding=\"async\" src=\"https:\/\/escuelazonaparque.com\/escuela\/wp-content\/uploads\/2015\/11\/team-6.jpg\" alt=\"team-6\" title=\"team-6\"  width=\"200\" height=\"200\"><div class=\"social-team\"><a target=\"_blank\" href=\"#\"><i class=\"fa fa-facebook\"><\/i><\/a><a target=\"_blank\" href=\"#\"><i class=\"fa fa-twitter\"><\/i><\/a><a target=\"_blank\" href=\"#\"><i class=\"fa fa-skype\"><\/i><\/a><a target=\"_blank\" href=\"#\"><i class=\"fa fa-linkedin\"><\/i><\/a><\/div><\/div><div class=\"content-team\"><h4 class=\"title\">Tony Teo<\/h4><div class = \"regency\">Support Manager<\/div><\/div><\/div><div class=\"our-team-item col-sm-3\"><div class=\"our-team-image\"> <a class=\"link-img\" href=\"https:\/\/escuelazonaparque.com\/escuela\/our_team\/jonathan\/\"><\/a><img loading=\"lazy\" decoding=\"async\" src=\"https:\/\/escuelazonaparque.com\/escuela\/wp-content\/uploads\/2015\/11\/team-2.jpg\" alt=\"team-2\" title=\"team-2\"  width=\"200\" height=\"200\"><div class=\"social-team\"><a target=\"_blank\" href=\"#\"><i class=\"fa fa-facebook\"><\/i><\/a><a target=\"_blank\" href=\"#\"><i class=\"fa fa-twitter\"><\/i><\/a><a target=\"_blank\" href=\"#\"><i class=\"fa fa-skype\"><\/i><\/a><a target=\"_blank\" href=\"#\"><i class=\"fa fa-linkedin\"><\/i><\/a><\/div><\/div><div class=\"content-team\"><h4 class=\"title\">Jonathan<\/h4><div class = \"regency\">Art Director<\/div><\/div><\/div><div class=\"our-team-item col-sm-3\"><div class=\"our-team-image\"> <a class=\"link-img\" href=\"https:\/\/escuelazonaparque.com\/escuela\/our_team\/john-doe\/\"><\/a><img loading=\"lazy\" decoding=\"async\" src=\"https:\/\/escuelazonaparque.com\/escuela\/wp-content\/uploads\/2015\/11\/team-1.jpg\" alt=\"team-1\" title=\"team-1\"  width=\"200\" height=\"200\"><div class=\"social-team\"><a target=\"_blank\" href=\"#\"><i class=\"fa fa-facebook\"><\/i><\/a><a target=\"_blank\" href=\"#\"><i class=\"fa fa-twitter\"><\/i><\/a><a target=\"_blank\" href=\"#\"><i class=\"fa fa-skype\"><\/i><\/a><a target=\"_blank\" href=\"#\"><i class=\"fa fa-linkedin\"><\/i><\/a><\/div><\/div><div class=\"content-team\"><h4 class=\"title\">John Doe<\/h4><div class = \"regency\">Web Developer<\/div><\/div><\/div><div class=\"our-team-item col-sm-3\"><div class=\"our-team-image\"> <a class=\"link-img\" href=\"https:\/\/escuelazonaparque.com\/escuela\/our_team\/jane-nguyen\/\"><\/a><img loading=\"lazy\" decoding=\"async\" src=\"https:\/\/escuelazonaparque.com\/escuela\/wp-content\/uploads\/2015\/11\/team-8.jpg\" alt=\"team-8\" title=\"team-8\"  width=\"200\" height=\"200\"><div class=\"social-team\"><a target=\"_blank\" href=\"#\"><i class=\"fa fa-facebook\"><\/i><\/a><a target=\"_blank\" href=\"#\"><i class=\"fa fa-twitter\"><\/i><\/a><a target=\"_blank\" href=\"#\"><i class=\"fa fa-skype\"><\/i><\/a><a target=\"_blank\" href=\"#\"><i class=\"fa fa-linkedin\"><\/i><\/a><\/div><\/div><div class=\"content-team\"><h4 class=\"title\">Jane Nguyen<\/h4><div class = \"regency\">Copyrighter<\/div><\/div><\/div><div class=\"our-team-item col-sm-3\"><div class=\"our-team-image\"> <a class=\"link-img\" href=\"https:\/\/escuelazonaparque.com\/escuela\/our_team\/ryze-faker\/\"><\/a><img loading=\"lazy\" decoding=\"async\" src=\"https:\/\/escuelazonaparque.com\/escuela\/wp-content\/uploads\/2015\/11\/team-4.jpg\" alt=\"team-4\" title=\"team-4\"  width=\"200\" height=\"200\"><div class=\"social-team\"><a target=\"_blank\" href=\"#\"><i class=\"fa fa-facebook\"><\/i><\/a><a target=\"_blank\" href=\"#\"><i class=\"fa fa-twitter\"><\/i><\/a><a target=\"_blank\" href=\"#\"><i class=\"fa fa-skype\"><\/i><\/a><a target=\"_blank\" href=\"#\"><i class=\"fa fa-linkedin\"><\/i><\/a><\/div><\/div><div class=\"content-team\"><h4 class=\"title\">Ryze Faker<\/h4><div class = \"regency\">Co-Founder<\/div><\/div><\/div><\/div><\/div><\/div>[\/vc_column][\/vc_row]<\/p>\n","protected":false},"excerpt":{"rendered":"<p>[vc_row css=&#8221;.vc_custom_1471019067901{padding-top: 30px !important;}&#8221;][vc_column][\/vc_column][\/vc_row][vc_row][vc_column width=&#8221;1\/4&#8243;][\/vc_column][vc_column width=&#8221;1\/4&#8243;][\/vc_column][vc_column width=&#8221;1\/4&#8243;][\/vc_column][vc_column width=&#8221;1\/4&#8243;][\/vc_column][\/vc_row][vc_row][vc_column][vc_column_text] \u201cEscuela de Educaci\u00f3n Secundaria Orientada Particular Incorporada\u201d N\u00ba 8066 Zona Parque [\/vc_column_text][\/vc_column][\/vc_row][vc_row css=&#8221;.vc_custom_1471796791252{margin-bottom: 63px !important;}&#8221;][vc_column width=&#8221;1\/2&#8243; css=&#8221;.vc_custom_1471796770554{margin-bottom: 30px !important;}&#8221;][vc_column_text] As\u00ed comienza Nuestra Historia El 9 de Julio de a\u00f1o 1953 un grupo &hellip; <\/p>\n","protected":false},"author":1,"featured_media":0,"parent":0,"menu_order":0,"comment_status":"closed","ping_status":"closed","template":"","meta":{"footnotes":""},"class_list":["post-2901","page","type-page","status-publish","hentry"],"_links":{"self":[{"href":"https:\/\/escuelazonaparque.com\/escuela\/wp-json\/wp\/v2\/pages\/2901"}],"collection":[{"href":"https:\/\/escuelazonaparque.com\/escuela\/wp-json\/wp\/v2\/pages"}],"about":[{"href":"https:\/\/escuelazonaparque.com\/escuela\/wp-json\/wp\/v2\/types\/page"}],"author":[{"embeddable":true,"href":"https:\/\/escuelazonaparque.com\/escuela\/wp-json\/wp\/v2\/users\/1"}],"replies":[{"embeddable":true,"href":"https:\/\/escuelazonaparque.com\/escuela\/wp-json\/wp\/v2\/comments?post=2901"}],"version-history":[{"count":11,"href":"https:\/\/escuelazonaparque.com\/escuela\/wp-json\/wp\/v2\/pages\/2901\/revisions"}],"predecessor-version":[{"id":11495,"href":"https:\/\/escuelazonaparque.com\/escuela\/wp-json\/wp\/v2\/pages\/2901\/revisions\/11495"}],"wp:attachment":[{"href":"https:\/\/escuelazonaparque.com\/escuela\/wp-json\/wp\/v2\/media?parent=2901"}],"curies":[{"name":"wp","href":"https:\/\/api.w.org\/{rel}","templated":true}]}}