{"id":11506,"date":"2020-05-26T19:06:47","date_gmt":"2020-05-26T19:06:47","guid":{"rendered":"https:\/\/escuelazonaparque.com\/escuela\/?page_id=11506"},"modified":"2020-05-26T19:15:15","modified_gmt":"2020-05-26T19:15:15","slug":"infraestructura","status":"publish","type":"page","link":"https:\/\/escuelazonaparque.com\/escuela\/infraestructura\/","title":{"rendered":"Infraestructura"},"content":{"rendered":"<p>[vc_row css=&#8221;.vc_custom_1471019067901{padding-top: 30px !important;}&#8221;][vc_column]<div class=\"thim-widget-heading\"><div class=\"sc_heading   text-center\"><h3 class=\"title\">La escuela posee tambi\u00e9n un SUM, utilizado en todo tipo de practicas deportivas y sociales.<\/h3><p class=\"sub-heading\" style=\"\">Este SUM en el que se ha hecho un escenario previsto justamente para estos eventos sociales cuenta con un equipo notable (\u00f3ptimo) de iluminaci\u00f3n y sonido con una capacidad de m\u00e1s de 500 personas.<\/p><\/div><\/div>[\/vc_column][\/vc_row][vc_row][vc_column]<div class=\"thim-widget-gallery-images\"><div class=\"thim-carousel-wrapper gallery-img  \" data-visible=\"1\"data-itemtablet=\"1\" data-itemmobile=\"1\" data-autoplay=\"0\" data-navigation=\"1\" data-pagination=\"1\"><div class=\"item\"><img fetchpriority=\"high\" src =\"https:\/\/escuelazonaparque.com\/escuela\/wp-content\/uploads\/2020\/05\/1.jpg\" width=\"840\" height=\"560\" alt=\"\"\/><\/div><div class=\"item\"><img src =\"https:\/\/escuelazonaparque.com\/escuela\/wp-content\/uploads\/2020\/05\/2-1.jpg\" width=\"875\" height=\"583\" alt=\"\"\/><\/div><div class=\"item\"><img src =\"https:\/\/escuelazonaparque.com\/escuela\/wp-content\/uploads\/2020\/05\/3-1.jpg\" width=\"892\" height=\"595\" alt=\"\"\/><\/div><div class=\"item\"><img loading=\"lazy\" src =\"https:\/\/escuelazonaparque.com\/escuela\/wp-content\/uploads\/2020\/05\/4.jpg\" width=\"875\" height=\"583\" alt=\"\"\/><\/div><div class=\"item\"><img loading=\"lazy\" src =\"https:\/\/escuelazonaparque.com\/escuela\/wp-content\/uploads\/2020\/05\/5.jpg\" width=\"892\" height=\"595\" alt=\"\"\/><\/div><div class=\"item\"><img loading=\"lazy\" src =\"https:\/\/escuelazonaparque.com\/escuela\/wp-content\/uploads\/2020\/05\/6.jpg\" width=\"875\" height=\"583\" alt=\"\"\/><\/div><div class=\"item\"><img loading=\"lazy\" src =\"https:\/\/escuelazonaparque.com\/escuela\/wp-content\/uploads\/2020\/05\/7.jpg\" width=\"892\" height=\"595\" alt=\"\"\/><\/div><div class=\"item\"><img loading=\"lazy\" src =\"https:\/\/escuelazonaparque.com\/escuela\/wp-content\/uploads\/2020\/05\/8.jpg\" width=\"875\" height=\"583\" alt=\"\"\/><\/div><div class=\"item\"><img loading=\"lazy\" src =\"https:\/\/escuelazonaparque.com\/escuela\/wp-content\/uploads\/2020\/05\/9.jpg\" width=\"892\" height=\"595\" alt=\"\"\/><\/div><div class=\"item\"><img loading=\"lazy\" src =\"https:\/\/escuelazonaparque.com\/escuela\/wp-content\/uploads\/2020\/05\/10.jpg\" width=\"875\" height=\"583\" alt=\"\"\/><\/div><\/div><\/div>[vc_column_text]<\/p>\n<div class=\"thim-about-us-quote\">\n<p>\u201cEscuela de Educaci\u00f3n Secundaria Orientada Particular Incorporada\u201d<\/p>\n<div class=\"agency\">N\u00ba 8066 Zona Parque<\/div>\n<hr \/>\n<\/div>\n<p>[\/vc_column_text][\/vc_column][\/vc_row][vc_row css=&#8221;.vc_custom_1471796791252{margin-bottom: 63px !important;}&#8221;][vc_column width=&#8221;1\/2&#8243; css=&#8221;.vc_custom_1471796770554{margin-bottom: 30px !important;}&#8221;][vc_column_text]<\/p>\n<h3 class=\"thim-text-title\">Ubicaci\u00f3n<\/h3>\n<h4>Situada en el barrio Bella Vista de la ciudad de Rosario, Zona Parque posee una infraestructura \u00f3ptima para brindar educaci\u00f3n secundaria de calidad.<\/h4>\n<p>La escuela cuenta con :<\/p>\n<p>2 salas de inform\u00e1tica con 20 PC\u2019S en las que los alumnos realizan sus pr\u00e1cticas en forma individual o grupal.<\/p>\n<p>2 salas multimedia dotadas con equipos de reproducci\u00f3n de videos y proyectores port\u00e1tiles, que pueden ser utilizados en la sala, o llevados al sal\u00f3n de clase.<\/p>\n<p>Laboratorio para la realizaci\u00f3n de experimentos de f\u00edsica y qu\u00edmica en el que los alumnos pueden llevar a la pr\u00e1ctica los conocimientos te\u00f3ricos planteados en el aula<\/p>\n<p>La biblioteca de la instituci\u00f3n es un complemento extraordinario para el aprendizaje ya que en ella se guardan\u00a04000 libros que apoyan la tarea educativa y su sistema de organizaci\u00f3n permite que los alumnos puedan consultar permanentemente tanto material cient\u00edfico como literatura recreativa y de habla inglesa.<\/p>\n<p>La cantina es un espacio de recreaci\u00f3n que complementa tareas de aula ya que el intercambio entre los alumnos por fuera de las exigencias del aula,\u00a0 estimula\u00a0 los valores de compa\u00f1erismo y solidaridad y de alguna manera permite el refuerzo de valores \u00e9ticos<\/p>\n<p>La escuela posee tambi\u00e9n un SUM (sal\u00f3n de usos m\u00faltiples) utilizado para todo tipo de pr\u00e1cticas deportivas y eventos sociales. Este SUM, en el que se ha hecho un escenario previsto justamente para estos eventos sociales cuenta con un equipo notable (\u00f3ptimo) de iluminaci\u00f3n y sonido y tiene una capacidad para m\u00e1s de 500 personas .[\/vc_column_text][\/vc_column][vc_column width=&#8221;1\/2&#8243; css=&#8221;.vc_custom_1471796781968{margin-bottom: 30px !important;}&#8221;][vc_column_text]<\/p>\n<h3 class=\"thim-text-title\">Instalaci\u00f3nes<\/h3>\n<p><img loading=\"lazy\" decoding=\"async\" class=\"alignnone size-full wp-image-11516\" src=\"https:\/\/escuelazonaparque.com\/escuela\/wp-content\/uploads\/2020\/05\/10.jpg\" alt=\"\" width=\"875\" height=\"583\" srcset=\"https:\/\/escuelazonaparque.com\/escuela\/wp-content\/uploads\/2020\/05\/10.jpg 875w, https:\/\/escuelazonaparque.com\/escuela\/wp-content\/uploads\/2020\/05\/10-300x200.jpg 300w, https:\/\/escuelazonaparque.com\/escuela\/wp-content\/uploads\/2020\/05\/10-768x512.jpg 768w\" sizes=\"(max-width: 875px) 100vw, 875px\" \/><\/p>\n<p><img loading=\"lazy\" decoding=\"async\" class=\"alignnone size-full wp-image-11509\" src=\"https:\/\/escuelazonaparque.com\/escuela\/wp-content\/uploads\/2020\/05\/3-1.jpg\" alt=\"\" width=\"892\" height=\"595\" srcset=\"https:\/\/escuelazonaparque.com\/escuela\/wp-content\/uploads\/2020\/05\/3-1.jpg 892w, https:\/\/escuelazonaparque.com\/escuela\/wp-content\/uploads\/2020\/05\/3-1-300x200.jpg 300w, https:\/\/escuelazonaparque.com\/escuela\/wp-content\/uploads\/2020\/05\/3-1-768x512.jpg 768w\" sizes=\"(max-width: 892px) 100vw, 892px\" \/>[\/vc_column_text][\/vc_column][\/vc_row]<\/p>\n","protected":false},"excerpt":{"rendered":"<p>[vc_row css=&#8221;.vc_custom_1471019067901{padding-top: 30px !important;}&#8221;][vc_column][\/vc_column][\/vc_row][vc_row][vc_column][vc_column_text] \u201cEscuela de Educaci\u00f3n Secundaria Orientada Particular Incorporada\u201d N\u00ba 8066 Zona Parque [\/vc_column_text][\/vc_column][\/vc_row][vc_row css=&#8221;.vc_custom_1471796791252{margin-bottom: 63px !important;}&#8221;][vc_column width=&#8221;1\/2&#8243; css=&#8221;.vc_custom_1471796770554{margin-bottom: 30px !important;}&#8221;][vc_column_text] Ubicaci\u00f3n Situada en el barrio Bella Vista de la ciudad de Rosario, Zona Parque posee una infraestructura &hellip; <\/p>\n","protected":false},"author":1,"featured_media":0,"parent":0,"menu_order":0,"comment_status":"closed","ping_status":"closed","template":"","meta":{"footnotes":""},"class_list":["post-11506","page","type-page","status-publish","hentry"],"_links":{"self":[{"href":"https:\/\/escuelazonaparque.com\/escuela\/wp-json\/wp\/v2\/pages\/11506"}],"collection":[{"href":"https:\/\/escuelazonaparque.com\/escuela\/wp-json\/wp\/v2\/pages"}],"about":[{"href":"https:\/\/escuelazonaparque.com\/escuela\/wp-json\/wp\/v2\/types\/page"}],"author":[{"embeddable":true,"href":"https:\/\/escuelazonaparque.com\/escuela\/wp-json\/wp\/v2\/users\/1"}],"replies":[{"embeddable":true,"href":"https:\/\/escuelazonaparque.com\/escuela\/wp-json\/wp\/v2\/comments?post=11506"}],"version-history":[{"count":6,"href":"https:\/\/escuelazonaparque.com\/escuela\/wp-json\/wp\/v2\/pages\/11506\/revisions"}],"predecessor-version":[{"id":11522,"href":"https:\/\/escuelazonaparque.com\/escuela\/wp-json\/wp\/v2\/pages\/11506\/revisions\/11522"}],"wp:attachment":[{"href":"https:\/\/escuelazonaparque.com\/escuela\/wp-json\/wp\/v2\/media?parent=11506"}],"curies":[{"name":"wp","href":"https:\/\/api.w.org\/{rel}","templated":true}]}}